{"id":372,"date":"2016-04-04T08:54:44","date_gmt":"2016-04-04T08:54:44","guid":{"rendered":"http:\/\/demo.olevmedia.net\/eventerra\/?page_id=372"},"modified":"2024-05-15T15:31:08","modified_gmt":"2024-05-15T14:31:08","slug":"workshopet","status":"publish","type":"page","link":"https:\/\/unitas.al\/tbaconference\/informacion\/workshopet\/","title":{"rendered":"Workshopet"},"content":{"rendered":"<p>[vc_row][vc_column][om_agenda][om_agenda_day title=&#8221;Workshop 1&#8243; date=&#8221;E Premte &#8211; 18:00 &#8211; 19:30&#8243;][om_agenda_item icon_fontawesome=&#8221;&#8221; room=&#8221;SALLA KRYESORE&#8221; speaker_ids=&#8221;115&#8243;]R\u00ebnd\u00ebsia e planit p\u00ebr t\u00eb pasur fokus n\u00eb rrug\u00ebn drejt arritjes s\u00eb vizionit.[\/om_agenda_item][om_agenda_item icon_fontawesome=&#8221;&#8221; room=&#8221;SALLA BIBLOTEKA&#8221; speaker_ids=&#8221;671&#8243;]P\u00ebrdorimi i pyetjeve me bot\u00ebkuptim n\u00eb klas\u00eb[\/om_agenda_item][om_agenda_item icon_fontawesome=&#8221;&#8221; room=&#8221;SALLA DELUXE&#8221; speaker_ids=&#8221;112&#8243;]Skenar\u00ebt e klasave: Cili \u00ebsht\u00eb problemi?[\/om_agenda_item][\/om_agenda_day][\/om_agenda][om_agenda][om_agenda_day color=&#8221;om-accent-color-2&#8243; title=&#8221;Workshop 2&#8243; date=&#8221;E shtun\u00eb &#8211; 10:30 &#8211; 12:00&#8243;][om_agenda_item icon_fontawesome=&#8221;&#8221; room=&#8221;SALLA KRYESORE&#8221; speaker_ids=&#8221;123&#8243;]Leximi n\u00eb anglisht, vendosja e nj\u00eb themeli t\u00eb fort\u00eb[\/om_agenda_item][om_agenda_item icon_fontawesome=&#8221;&#8221; room=&#8221;SALLA BIBLOTEKA&#8221; speaker_ids=&#8221;114&#8243;]Zgjidhje p\u00ebr student\u00ebt n\u00eb v\u00ebshtir\u00ebsi[\/om_agenda_item][om_agenda_item icon_fontawesome=&#8221;&#8221; room=&#8221;SALLA DELUXE&#8221; speaker_ids=&#8221;779&#8243;]Si edukimi i karakterit mund t\u00eb ndryshoj\u00eb bot\u00ebn n\u00eb nj\u00eb vend m\u00eb t\u00eb mir\u00eb?[\/om_agenda_item][\/om_agenda_day][\/om_agenda][om_agenda][om_agenda_day color=&#8221;om-accent-color-3&#8243; title=&#8221;Workshop 3&#8243; date=&#8221;E shtun\u00eb &#8211; 16:00 &#8211; 17:30&#8243;][om_agenda_item icon_fontawesome=&#8221;&#8221; room=&#8221;SALLA KRYESORE&#8221; speaker_ids=&#8221;671&#8243;]Ndikimi n\u00eb jet\u00ebt e nj\u00eb shum\u00ebllojshm\u00ebrie nx\u00ebn\u00ebsish[\/om_agenda_item][om_agenda_item icon_fontawesome=&#8221;&#8221; room=&#8221;SALLA BIBLOTEKA&#8221; speaker_ids=&#8221;112&#8243;]Dy A-t\u00eb: Autizmi dhe ADH[\/om_agenda_item][om_agenda_item icon_fontawesome=&#8221;&#8221; room=&#8221;SALLA DELUXE&#8221; speaker_ids=&#8221;124&#8243;]Menaxhimi i klas\u00ebs[\/om_agenda_item][\/om_agenda_day][\/om_agenda][om_agenda][om_agenda_day title=&#8221;Workshop 4&#8243; date=&#8221;E shtun\u00eb &#8211; 18:00 &#8211; 19:30&#8243;][om_agenda_item icon_fontawesome=&#8221;&#8221; room=&#8221;SALLA KRYESORE&#8221; speaker_ids=&#8221;123&#8243;]Zhvillimi i nj\u00eb kurrikule transformuese: Kuptimi i kurrikul\u00ebs[\/om_agenda_item][om_agenda_item icon_fontawesome=&#8221;&#8221; room=&#8221;SALLA BIBLOTEKA&#8221; speaker_ids=&#8221;114&#8243;]M\u00ebsimdh\u00ebnia dhe udh\u00ebheqja n\u00eb vorbull[\/om_agenda_item][om_agenda_item icon_fontawesome=&#8221;&#8221; room=&#8221;SALLA DELUXE&#8221; speaker_ids=&#8221;124&#8243;]Menaxhimi i klas\u00ebs[\/om_agenda_item][\/om_agenda_day][\/om_agenda][\/vc_column][\/vc_row]<\/p>\n","protected":false},"excerpt":{"rendered":"<p>[vc_row][vc_column][om_agenda][om_agenda_day title=&#8221;Workshop 1&#8243; date=&#8221;E Premte &#8211; 18:00 &#8211; 19:30&#8243;][om_agenda_item icon_fontawesome=&#8221;&#8221; room=&#8221;SALLA KRYESORE&#8221; speaker_ids=&#8221;115&#8243;]R\u00ebnd\u00ebsia e planit p\u00ebr t\u00eb pasur fokus n\u00eb rrug\u00ebn drejt arritjes s\u00eb vizionit.[\/om_agenda_item][om_agenda_item&hellip;<\/p>\n<p><a href=\"https:\/\/unitas.al\/tbaconference\/informacion\/workshopet\/\" class=\"read-more-link\"><span class=\"read-more-icon\"><\/span>Read more<\/a><\/p>\n","protected":false},"author":1,"featured_media":0,"parent":358,"menu_order":0,"comment_status":"closed","ping_status":"closed","template":"","meta":{"footnotes":""},"class_list":["post-372","page","type-page","status-publish","hentry"],"_links":{"self":[{"href":"https:\/\/unitas.al\/tbaconference\/wp-json\/wp\/v2\/pages\/372","targetHints":{"allow":["GET"]}}],"collection":[{"href":"https:\/\/unitas.al\/tbaconference\/wp-json\/wp\/v2\/pages"}],"about":[{"href":"https:\/\/unitas.al\/tbaconference\/wp-json\/wp\/v2\/types\/page"}],"author":[{"embeddable":true,"href":"https:\/\/unitas.al\/tbaconference\/wp-json\/wp\/v2\/users\/1"}],"replies":[{"embeddable":true,"href":"https:\/\/unitas.al\/tbaconference\/wp-json\/wp\/v2\/comments?post=372"}],"version-history":[{"count":31,"href":"https:\/\/unitas.al\/tbaconference\/wp-json\/wp\/v2\/pages\/372\/revisions"}],"predecessor-version":[{"id":715,"href":"https:\/\/unitas.al\/tbaconference\/wp-json\/wp\/v2\/pages\/372\/revisions\/715"}],"up":[{"embeddable":true,"href":"https:\/\/unitas.al\/tbaconference\/wp-json\/wp\/v2\/pages\/358"}],"wp:attachment":[{"href":"https:\/\/unitas.al\/tbaconference\/wp-json\/wp\/v2\/media?parent=372"}],"curies":[{"name":"wp","href":"https:\/\/api.w.org\/{rel}","templated":true}]}}